{"id":707,"date":"2021-07-02T09:07:35","date_gmt":"2021-07-02T07:07:35","guid":{"rendered":"http:\/\/www.olivergellert.de\/?page_id=707"},"modified":"2021-07-02T12:29:09","modified_gmt":"2021-07-02T10:29:09","slug":"danke","status":"publish","type":"page","link":"https:\/\/www.olivergellert.de\/?page_id=707","title":{"rendered":"Credits"},"content":{"rendered":"\n<p>An dieser Stelle m\u00f6chte ich einigen von vielen Menschen danken. Herzlichen Dank an:<\/p>\n\n\n\n<p><strong><em>Annika<\/em><\/strong> f\u00fcr Deine tagt\u00e4gliche Unterst\u00fctzung, Deine jederzeit klare und ehrliche Meinung, Beratung und f\u00fcr meine T-Shirts. \ud83d\ude09 &#8211; ohne Dich w\u00e4re das alles nicht m\u00f6glich.<\/p>\n\n\n\n<p><strong><em>Kai<\/em><\/strong> f\u00fcr Deine Unterst\u00fctzung bei der Homepage, dem Flyer und die unz\u00e4hligen Diskussionen, Gespr\u00e4che und Debatten \u00fcber Politik und zu meinen Schachtels\u00e4tzen \ud83d\ude09<\/p>\n\n\n\n<p><strong><em>Jasmin, Timo, Guido<\/em><\/strong> f\u00fcr Unterst\u00fctzung auf meinem Weg<\/p>\n\n\n\n<p><strong><em>Harald, Uwe, Thorsten, Gollaleh, Fabian, Saskia, Christoph, Elmas<\/em><\/strong> f\u00fcr viele spannende politische Diskussionen und Gespr\u00e4che, die mal den Horizont erweitert und mal den Blick fokussiert haben, immer spannend und nie langweilig waren, wenn auch nicht immer von Einigkeit gepr\u00e4gt.<\/p>\n\n\n\n<p><strong><em>Berit<\/em><\/strong> f\u00fcr Deinen finalen Feinschliff am Flyer.<\/p>\n\n\n\n<p><strong><em>Maurice<\/em><\/strong> f\u00fcr Deinen technischen Support und die guten Gespr\u00e4che.<\/p>\n\n\n\n<p>meinen <strong><em>Kreisverband<\/em><\/strong> f\u00fcr die Nominierung als Stadtratskandidat und Platz 2 auf der BVV-Liste.<\/p>\n","protected":false},"excerpt":{"rendered":"<p>An dieser Stelle m\u00f6chte ich einigen von vielen Menschen danken. Herzlichen Dank an: Annika f\u00fcr Deine tagt\u00e4gliche Unterst\u00fctzung, Deine jederzeit klare und ehrliche Meinung, Beratung und f\u00fcr meine T-Shirts. \ud83d\ude09\u2026<\/p>\n","protected":false},"author":1,"featured_media":0,"parent":8,"menu_order":0,"comment_status":"closed","ping_status":"closed","template":"","meta":{"spay_email":""},"jetpack_shortlink":"https:\/\/wp.me\/P7IWoD-bp","jetpack-related-posts":[{"id":59,"url":"https:\/\/www.olivergellert.de\/?page_id=59","url_meta":{"origin":707,"position":0},"title":"Meine Vorschl\u00e4ge #f\u00fcrSpandau","date":"16. Juli 2016","format":false,"excerpt":"Liebe Spandauerinnen und Spandauer, ich wurde von meinem Kreisverband auf Platz 2 der Wahlliste f\u00fcr die Wahlen zur Bezirksverordnetenversammlung von Spandau zum Stadtratskandidaten gew\u00e4hlt. Hierf\u00fcr m\u00f6chte ich mich ganz herzlich bedanken und auch auf diesem Weg nochmal meine Gr\u00fcnde f\u00fcr meine Bewerbung und meine Ziele #f\u00fcr Spandau benennen. Warum ich\u2026","rel":"","context":"\u00c4hnlicher Beitrag","img":{"alt_text":"","src":"","width":0,"height":0},"classes":[]},{"id":438,"url":"https:\/\/www.olivergellert.de\/","url_meta":{"origin":707,"position":1},"title":"Das Spandau der Zukunft bauen? #klargehtdas","date":"26. Mai 2021","format":false,"excerpt":"Herzlich Willkommen. \"Das Spandau der Zukunft ist klimaneutral durch energetisch sanierte Geb\u00e4ude, die Nutzung von erneuerbaren Energien, durch emmissionsarmen Verkehr und einen guten \u00d6PNV. Die \u00f6ffentlichen Pl\u00e4tze und Parks haben durch attraktive Gestaltung mit vielen schattenspendenden B\u00e4umen, Sport- und Freizeitm\u00f6glichkeiten sowie Wasserpl\u00e4tzen eine erh\u00f6hte Aufenthaltsqualit\u00e4t. In den Kiezen k\u00f6nnen alle\u2026","rel":"","context":"\u00c4hnlicher Beitrag","img":{"alt_text":"","src":"https:\/\/i0.wp.com\/www.olivergellert.de\/wp-content\/uploads\/2021\/05\/IMG_2944-scaled.jpeg?resize=350%2C200&ssl=1","width":350,"height":200},"classes":[]},{"id":56,"url":"https:\/\/www.olivergellert.de\/?page_id=56","url_meta":{"origin":707,"position":2},"title":"Datenschutzerkl\u00e4rung","date":"16. Juli 2016","format":false,"excerpt":"Datenschutz Die Betreiber dieser Seiten nehmen den Schutz Ihrer pers\u00f6nlichen Daten sehr ernst. Wir behandeln Ihre personenbezogenen Daten vertraulich und entsprechend der gesetzlichen Datenschutzvorschriften sowie dieser Datenschutzerkl\u00e4rung. Die Nutzung unserer Webseite ist in der Regel ohne Angabe personenbezogener Daten m\u00f6glich. Soweit auf unseren Seiten personenbezogene Daten (beispielsweise Name, Anschrift oder\u2026","rel":"","context":"\u00c4hnlicher Beitrag","img":{"alt_text":"","src":"","width":0,"height":0},"classes":[]},{"id":4,"url":"https:\/\/www.olivergellert.de\/?page_id=4","url_meta":{"origin":707,"position":3},"title":"Impressum","date":"15. Juli 2016","format":false,"excerpt":"Angaben gem\u00e4\u00df \u00a7 5 TMG: Oliver GellertB\u00fcndnis 90\/ Die Gr\u00fcnen SpandauM\u00f6nchstra\u00dfe 7, 13597 BerlinTel.: 030\/224 50 995Mail: info@gruene-spandau.de Kontakt: Telefon: +49 (0) 151 23 44 97 94 Telefax: nicht vorhanden E-Mail: olivergellert@proja.de Verantwortlich f\u00fcr den Inhalt nach \u00a7 55 Abs. 2 RStV: Oliver GellertB\u00fcndnis 90\/ Die Gr\u00fcnen SpandauM\u00f6nchstra\u00dfe 7, 13597\u2026","rel":"","context":"\u00c4hnlicher Beitrag","img":{"alt_text":"","src":"","width":0,"height":0},"classes":[]},{"id":683,"url":"https:\/\/www.olivergellert.de\/?page_id=683","url_meta":{"origin":707,"position":4},"title":"Schriftlichen Anfragen an das Bezirksamt Spandau","date":"1. Juli 2021","format":false,"excerpt":"Hier finden Sie alle meine schriftlichen Anfragen, die ich in den letzten Jahren an das Bezirksamt Spandau eingereicht habe. Sie wollen mehr wissen? Dann schreiben Sie mir. 20210315 Erbrachte Leistungen im Rahmen des Jugendf\u00f6rdergesetzes 20210201 Hygienebeirat - R\u00fcckkehr zum Pr\u00e4senzunterricht? 20201214 Umsetzung von Ma\u00dfnahmen zur B\u00fcrger*innenbeteiligung 20201120 Kitaneubauten in Spandau\u2026","rel":"","context":"\u00c4hnlicher Beitrag","img":{"alt_text":"","src":"","width":0,"height":0},"classes":[]},{"id":8,"url":"https:\/\/www.olivergellert.de\/?page_id=8","url_meta":{"origin":707,"position":5},"title":"Pers\u00f6nliches","date":"15. Juli 2016","format":false,"excerpt":"Ich bin 1976 in Berlin auf die Welt gekommen und habe meine ersten Lebensjahre in Moabit und sp\u00e4ter in Heiligensee zugebracht. Die Schule habe ich mit einem Abitur beendet und im Anschluss meinen Zivildienst in einem Seniorenheim in der Pflege geleistet. Nach dem Zivildienst habe ich mit dem Studieren angefangen\u2026","rel":"","context":"\u00c4hnlicher Beitrag","img":{"alt_text":"","src":"https:\/\/i0.wp.com\/www.olivergellert.de\/wp-content\/uploads\/2021\/07\/WhatsApp-Image-2021-07-02-at-12.00.52-1.jpeg?fit=1200%2C800&ssl=1&resize=350%2C200","width":350,"height":200},"classes":[]}],"_links":{"self":[{"href":"https:\/\/www.olivergellert.de\/index.php?rest_route=\/wp\/v2\/pages\/707"}],"collection":[{"href":"https:\/\/www.olivergellert.de\/index.php?rest_route=\/wp\/v2\/pages"}],"about":[{"href":"https:\/\/www.olivergellert.de\/index.php?rest_route=\/wp\/v2\/types\/page"}],"author":[{"embeddable":true,"href":"https:\/\/www.olivergellert.de\/index.php?rest_route=\/wp\/v2\/users\/1"}],"replies":[{"embeddable":true,"href":"https:\/\/www.olivergellert.de\/index.php?rest_route=%2Fwp%2Fv2%2Fcomments&post=707"}],"version-history":[{"count":3,"href":"https:\/\/www.olivergellert.de\/index.php?rest_route=\/wp\/v2\/pages\/707\/revisions"}],"predecessor-version":[{"id":729,"href":"https:\/\/www.olivergellert.de\/index.php?rest_route=\/wp\/v2\/pages\/707\/revisions\/729"}],"up":[{"embeddable":true,"href":"https:\/\/www.olivergellert.de\/index.php?rest_route=\/wp\/v2\/pages\/8"}],"wp:attachment":[{"href":"https:\/\/www.olivergellert.de\/index.php?rest_route=%2Fwp%2Fv2%2Fmedia&parent=707"}],"curies":[{"name":"wp","href":"https:\/\/api.w.org\/{rel}","templated":true}]}}