{"id":4,"date":"2016-07-15T19:39:16","date_gmt":"2016-07-15T17:39:16","guid":{"rendered":"http:\/\/www.olivergellert.de\/?page_id=4"},"modified":"2024-03-06T18:31:45","modified_gmt":"2024-03-06T16:31:45","slug":"impressum","status":"publish","type":"page","link":"https:\/\/www.olivergellert.de\/?page_id=4","title":{"rendered":"Impressum"},"content":{"rendered":"\n<h2 class=\"wp-block-heading\">Angaben gem\u00e4\u00df \u00a7 5 TMG:<\/h2>\n\n\n\n<p>Oliver Gellert<br>B\u00fcndnis 90\/ Die Gr\u00fcnen Spandau<br>M\u00f6nchstra\u00dfe 7, 13597 Berlin<br>Tel.: 030\/224 50 995<br>Mail: info@gruene-spandau.de<\/p>\n\n\n\n<h2 class=\"wp-block-heading\">Kontakt:<\/h2>\n\n\n\n<table>\n<tbody>\n<tr>\n<td>Telefon:<\/td>\n<td>+49 (0) 151 23 44 97 94<\/td>\n<\/tr>\n<tr>\n<td>Telefax:<\/td>\n<td>nicht vorhanden<\/td>\n<\/tr>\n<tr>\n<td>E-Mail:<\/td>\n<td>olivergellert@proja.de<\/td>\n<\/tr>\n<\/tbody>\n<\/table>\n\n\n\n<h2 class=\"wp-block-heading\">Verantwortlich f\u00fcr den Inhalt nach \u00a7 55 Abs. 2 RStV:<\/h2>\n\n\n\n<p>Oliver Gellert<br>B\u00fcndnis 90\/ Die Gr\u00fcnen Spandau<br>M\u00f6nchstra\u00dfe 7, 13597 Berlin<br>Tel.: 030\/224 50 995<br>Mail: info@gruene-spandau.de<\/p>\n\n\n\n<p>Quelle: <em><a href=\"https:\/\/www.e-recht24.de\/\"><span style=\"color: #0066cc;\">https:\/\/www.e-recht24.de<\/span><\/a><\/em><\/p>\n\n\n\n<h1 class=\"wp-block-heading\">Haftungsausschluss (Disclaimer)<\/h1>\n\n\n\n<p><strong>Haftung f\u00fcr Inhalte<\/strong><\/p>\n\n\n\n<p>Als Diensteanbieter sind wir gem\u00e4\u00df \u00a7 7 Abs.1 TMG f\u00fcr eigene Inhalte auf diesen Seiten nach den allgemeinen Gesetzen verantwortlich. Nach \u00a7\u00a7 8 bis 10 TMG sind wir als Diensteanbieter jedoch nicht verpflichtet, \u00fcbermittelte oder gespeicherte fremde Informationen zu \u00fcberwachen oder nach Umst\u00e4nden zu forschen, die auf eine rechtswidrige T\u00e4tigkeit hinweisen. Verpflichtungen zur Entfernung oder Sperrung der Nutzung von Informationen nach den allgemeinen Gesetzen bleiben hiervon unber\u00fchrt. Eine diesbez\u00fcgliche Haftung ist jedoch erst ab dem Zeitpunkt der Kenntnis einer konkreten Rechtsverletzung m\u00f6glich. Bei Bekanntwerden von entsprechenden Rechtsverletzungen werden wir diese Inhalte umgehend entfernen.<\/p>\n\n\n\n<p><strong>Haftung f\u00fcr Links<\/strong><\/p>\n\n\n\n<p>Unser Angebot enth\u00e4lt Links zu externen Webseiten Dritter, auf deren Inhalte wir keinen Einfluss haben. Deshalb k\u00f6nnen wir f\u00fcr diese fremden Inhalte auch keine Gew\u00e4hr \u00fcbernehmen. F\u00fcr die Inhalte der verlinkten Seiten ist stets der jeweilige Anbieter oder Betreiber der Seiten verantwortlich. Die verlinkten Seiten wurden zum Zeitpunkt der Verlinkung auf m\u00f6gliche Rechtsverst\u00f6\u00dfe \u00fcberpr\u00fcft. Rechtswidrige Inhalte waren zum Zeitpunkt der Verlinkung nicht erkennbar. Eine permanente inhaltliche Kontrolle der verlinkten Seiten ist jedoch ohne konkrete Anhaltspunkte einer Rechtsverletzung nicht zumutbar. Bei Bekanntwerden von Rechtsverletzungen werden wir derartige Links umgehend entfernen.<\/p>\n\n\n\n<p><strong>Urheberrecht<\/strong><\/p>\n\n\n\n<p>Die durch die Seitenbetreiber erstellten Inhalte und Werke auf diesen Seiten unterliegen dem deutschen Urheberrecht. Die Vervielf\u00e4ltigung, Bearbeitung, Verbreitung und jede Art der Verwertung au\u00dferhalb der Grenzen des Urheberrechtes bed\u00fcrfen der schriftlichen Zustimmung des jeweiligen Autors bzw. Erstellers. Downloads und Kopien dieser Seite sind nur f\u00fcr den privaten, nicht kommerziellen Gebrauch gestattet. Soweit die Inhalte auf dieser Seite nicht vom Betreiber erstellt wurden, werden die Urheberrechte Dritter beachtet. Insbesondere werden Inhalte Dritter als solche gekennzeichnet. Sollten Sie trotzdem auf eine Urheberrechtsverletzung aufmerksam werden, bitten wir um einen entsprechenden Hinweis. Bei Bekanntwerden von Rechtsverletzungen werden wir derartige Inhalte umgehend entfernen.<\/p>\n\n\n\n<p class=\"has-normal-font-size\"><strong><em>Bildernachweis:<\/em><\/strong> Julia Bornkessel; Annika Gellert; Oliver Gellert <\/p>\n\n\n\n<p><strong><em>Bildbearbeitungen:<\/em><\/strong> Julia Bornkessel; Kai Pchalek; Berit Witt; Oliver Gellert<\/p>\n","protected":false},"excerpt":{"rendered":"<p>Angaben gem\u00e4\u00df \u00a7 5 TMG: Oliver GellertB\u00fcndnis 90\/ Die Gr\u00fcnen SpandauM\u00f6nchstra\u00dfe 7, 13597 BerlinTel.: 030\/224 50 995Mail: info@gruene-spandau.de Kontakt: Telefon: +49 (0) 151 23 44 97 94 Telefax: nicht vorhanden\u2026<\/p>\n","protected":false},"author":1,"featured_media":0,"parent":0,"menu_order":30,"comment_status":"closed","ping_status":"closed","template":"","meta":{"spay_email":""},"jetpack_shortlink":"https:\/\/wp.me\/P7IWoD-4","jetpack-related-posts":[{"id":90,"url":"https:\/\/www.olivergellert.de\/?page_id=90","url_meta":{"origin":4,"position":0},"title":"Kontakt","date":"26. Juli 2016","format":false,"excerpt":"Sie erreichen mich \u00fcber: Mail: oliver.gellert@gruene-spandau.de Post: B\u00fcndnis 90 \/ Die Gr\u00fcnen Spandau - c\/o Oliver Gellert - M\u00f6nchstr. 7 - 13597 Berlin Phone: +49 151\/23 44 97 94 Folgen Sie mir unter: Facebook: \/Olli.Gellert Twitter: @OliverGellert Instagram: oliver.gellert","rel":"","context":"\u00c4hnlicher Beitrag","img":{"alt_text":"","src":"","width":0,"height":0},"classes":[]},{"id":438,"url":"https:\/\/www.olivergellert.de\/","url_meta":{"origin":4,"position":1},"title":"Das Spandau der Zukunft bauen? #klargehtdas","date":"26. Mai 2021","format":false,"excerpt":"Herzlich Willkommen. \"Das Spandau der Zukunft ist klimaneutral durch energetisch sanierte Geb\u00e4ude, die Nutzung von erneuerbaren Energien, durch emmissionsarmen Verkehr und einen guten \u00d6PNV. Die \u00f6ffentlichen Pl\u00e4tze und Parks haben durch attraktive Gestaltung mit vielen schattenspendenden B\u00e4umen, Sport- und Freizeitm\u00f6glichkeiten sowie Wasserpl\u00e4tzen eine erh\u00f6hte Aufenthaltsqualit\u00e4t. In den Kiezen k\u00f6nnen alle\u2026","rel":"","context":"\u00c4hnlicher Beitrag","img":{"alt_text":"","src":"https:\/\/i0.wp.com\/www.olivergellert.de\/wp-content\/uploads\/2021\/05\/IMG_2944-scaled.jpeg?resize=350%2C200&ssl=1","width":350,"height":200},"classes":[]},{"id":8,"url":"https:\/\/www.olivergellert.de\/?page_id=8","url_meta":{"origin":4,"position":2},"title":"Pers\u00f6nliches","date":"15. Juli 2016","format":false,"excerpt":"Ich bin 1976 in Berlin auf die Welt gekommen und habe meine ersten Lebensjahre in Moabit und sp\u00e4ter in Heiligensee zugebracht. Die Schule habe ich mit einem Abitur beendet und im Anschluss meinen Zivildienst in einem Seniorenheim in der Pflege geleistet. Nach dem Zivildienst habe ich mit dem Studieren angefangen\u2026","rel":"","context":"\u00c4hnlicher Beitrag","img":{"alt_text":"","src":"https:\/\/i0.wp.com\/www.olivergellert.de\/wp-content\/uploads\/2021\/07\/WhatsApp-Image-2021-07-02-at-12.00.52-1.jpeg?fit=1200%2C800&ssl=1&resize=350%2C200","width":350,"height":200},"classes":[]},{"id":59,"url":"https:\/\/www.olivergellert.de\/?page_id=59","url_meta":{"origin":4,"position":3},"title":"Meine Vorschl\u00e4ge #f\u00fcrSpandau","date":"16. Juli 2016","format":false,"excerpt":"Liebe Spandauerinnen und Spandauer, ich wurde von meinem Kreisverband auf Platz 2 der Wahlliste f\u00fcr die Wahlen zur Bezirksverordnetenversammlung von Spandau zum Stadtratskandidaten gew\u00e4hlt. Hierf\u00fcr m\u00f6chte ich mich ganz herzlich bedanken und auch auf diesem Weg nochmal meine Gr\u00fcnde f\u00fcr meine Bewerbung und meine Ziele #f\u00fcr Spandau benennen. Warum ich\u2026","rel":"","context":"\u00c4hnlicher Beitrag","img":{"alt_text":"","src":"","width":0,"height":0},"classes":[]},{"id":94,"url":"https:\/\/www.olivergellert.de\/?page_id=94","url_meta":{"origin":4,"position":4},"title":"Fotos","date":"26. Juli 2016","format":false,"excerpt":"","rel":"","context":"\u00c4hnlicher Beitrag","img":{"alt_text":"","src":"https:\/\/i0.wp.com\/www.olivergellert.de\/wp-content\/uploads\/2016\/07\/Foto-22.07.16-17-33-42.jpg?resize=350%2C200","width":350,"height":200},"classes":[]},{"id":67,"url":"https:\/\/www.olivergellert.de\/?page_id=67","url_meta":{"origin":4,"position":5},"title":"Termine","date":"17. Juli 2016","format":false,"excerpt":"This page is used by Events Made Easy. Don't change it, don't use it in your menu's, don't delete it. Just make sure the EME setting called 'Events page' points to this page. EME uses this page to render any and all events, locations, bookings, maps, ... anything. If you\u2026","rel":"","context":"\u00c4hnlicher Beitrag","img":{"alt_text":"","src":"","width":0,"height":0},"classes":[]}],"_links":{"self":[{"href":"https:\/\/www.olivergellert.de\/index.php?rest_route=\/wp\/v2\/pages\/4"}],"collection":[{"href":"https:\/\/www.olivergellert.de\/index.php?rest_route=\/wp\/v2\/pages"}],"about":[{"href":"https:\/\/www.olivergellert.de\/index.php?rest_route=\/wp\/v2\/types\/page"}],"author":[{"embeddable":true,"href":"https:\/\/www.olivergellert.de\/index.php?rest_route=\/wp\/v2\/users\/1"}],"replies":[{"embeddable":true,"href":"https:\/\/www.olivergellert.de\/index.php?rest_route=%2Fwp%2Fv2%2Fcomments&post=4"}],"version-history":[{"count":9,"href":"https:\/\/www.olivergellert.de\/index.php?rest_route=\/wp\/v2\/pages\/4\/revisions"}],"predecessor-version":[{"id":798,"href":"https:\/\/www.olivergellert.de\/index.php?rest_route=\/wp\/v2\/pages\/4\/revisions\/798"}],"wp:attachment":[{"href":"https:\/\/www.olivergellert.de\/index.php?rest_route=%2Fwp%2Fv2%2Fmedia&parent=4"}],"curies":[{"name":"wp","href":"https:\/\/api.w.org\/{rel}","templated":true}]}}