{"id":8,"date":"2016-07-15T21:57:34","date_gmt":"2016-07-15T19:57:34","guid":{"rendered":"http:\/\/www.olivergellert.de\/?page_id=8"},"modified":"2021-07-02T12:08:57","modified_gmt":"2021-07-02T10:08:57","slug":"persoenliches","status":"publish","type":"page","link":"http:\/\/www.olivergellert.de\/?page_id=8","title":{"rendered":"Pers\u00f6nliches"},"content":{"rendered":"<p>Ich bin 1976 in Berlin auf die Welt gekommen und habe meine ersten Lebensjahre in Moabit und sp\u00e4ter in Heiligensee zugebracht. Die Schule habe ich mit einem Abitur beendet und im Anschluss meinen Zivildienst in einem Seniorenheim in der Pflege geleistet. Nach dem Zivildienst habe ich mit dem Studieren angefangen und habe mich in Politikwissenschaften, Neuere Geschichte und BWL versucht und bin dann auf Soziale Arbeit\/Sozialp\u00e4dagogik umgestiegen.<\/p>\n<p>Im Jahr 2006 habe ich ein Stellenangebot der Schreberjugend Berlin angenommen, dem Jugendverband in dem ich seit 1994 ehrenamtlich t\u00e4tig bin und wurde Sachbearbeiter f\u00fcr Bildungsarbeit, Ferienreisen und Internationalen Jugendaustausch. Von 2011 &#8211; 2020 war ich Gesch\u00e4ftsstellenleiter und bin seit Januar 2020 Gesch\u00e4ftsf\u00fchrer der Schreberjugend Berlin. Dar\u00fcberhinaus bin ich seit 2002 auch bei anderen Verb\u00e4nden, Organisationen und Institutionen, als Referent in den Bereichen Jugendleiter*innenausbildung und Fortbildung von Jugendlichen, jungen Erwachsenen und Erwachsenen t\u00e4tig.<\/p>\n<p>Privat habe ich mein Gl\u00fcck mit&nbsp;meiner wundervollen Frau gefunden, die ich 2007 heiraten durfte und mit der ich zwei Kinder habe.<\/p>\n","protected":false},"excerpt":{"rendered":"<p>Ich bin 1976 in Berlin auf die Welt gekommen und habe meine ersten Lebensjahre in Moabit und sp\u00e4ter in Heiligensee zugebracht. Die Schule habe ich mit einem Abitur beendet und\u2026<\/p>\n","protected":false},"author":2,"featured_media":721,"parent":0,"menu_order":20,"comment_status":"closed","ping_status":"closed","template":"","meta":{"spay_email":""},"jetpack_shortlink":"https:\/\/wp.me\/P7IWoD-8","jetpack-related-posts":[{"id":438,"url":"http:\/\/www.olivergellert.de\/","url_meta":{"origin":8,"position":0},"title":"Das Spandau der Zukunft bauen? #klargehtdas","date":"26. Mai 2021","format":false,"excerpt":"Herzlich Willkommen. \"Das Spandau der Zukunft ist klimaneutral durch energetisch sanierte Geb\u00e4ude, die Nutzung von erneuerbaren Energien, durch emmissionsarmen Verkehr und einen guten \u00d6PNV. Die \u00f6ffentlichen Pl\u00e4tze und Parks haben durch attraktive Gestaltung mit vielen schattenspendenden B\u00e4umen, Sport- und Freizeitm\u00f6glichkeiten sowie Wasserpl\u00e4tzen eine erh\u00f6hte Aufenthaltsqualit\u00e4t. In den Kiezen k\u00f6nnen alle\u2026","rel":"","context":"\u00c4hnlicher Beitrag","img":{"alt_text":"","src":"https:\/\/i0.wp.com\/www.olivergellert.de\/wp-content\/uploads\/2021\/05\/IMG_2944-scaled.jpeg?resize=350%2C200","width":350,"height":200},"classes":[]},{"id":59,"url":"http:\/\/www.olivergellert.de\/?page_id=59","url_meta":{"origin":8,"position":1},"title":"Meine Vorschl\u00e4ge #f\u00fcrSpandau","date":"16. Juli 2016","format":false,"excerpt":"Liebe Spandauerinnen und Spandauer, ich wurde von meinem Kreisverband auf Platz 2 der Wahlliste f\u00fcr die Wahlen zur Bezirksverordnetenversammlung von Spandau zum Stadtratskandidaten gew\u00e4hlt. Hierf\u00fcr m\u00f6chte ich mich ganz herzlich bedanken und auch auf diesem Weg nochmal meine Gr\u00fcnde f\u00fcr meine Bewerbung und meine Ziele #f\u00fcr Spandau benennen. Warum ich\u2026","rel":"","context":"\u00c4hnlicher Beitrag","img":{"alt_text":"","src":"","width":0,"height":0},"classes":[]},{"id":683,"url":"http:\/\/www.olivergellert.de\/?page_id=683","url_meta":{"origin":8,"position":2},"title":"Schriftlichen Anfragen an das Bezirksamt Spandau","date":"1. Juli 2021","format":false,"excerpt":"Hier finden Sie alle meine schriftlichen Anfragen, die ich in den letzten Jahren an das Bezirksamt Spandau eingereicht habe. Sie wollen mehr wissen? Dann schreiben Sie mir. 20210315 Erbrachte Leistungen im Rahmen des Jugendf\u00f6rdergesetzes 20210201 Hygienebeirat - R\u00fcckkehr zum Pr\u00e4senzunterricht? 20201214 Umsetzung von Ma\u00dfnahmen zur B\u00fcrger*innenbeteiligung 20201120 Kitaneubauten in Spandau\u2026","rel":"","context":"\u00c4hnlicher Beitrag","img":{"alt_text":"","src":"","width":0,"height":0},"classes":[]},{"id":707,"url":"http:\/\/www.olivergellert.de\/?page_id=707","url_meta":{"origin":8,"position":3},"title":"Credits","date":"2. Juli 2021","format":false,"excerpt":"An dieser Stelle m\u00f6chte ich einigen von vielen Menschen danken. Herzlichen Dank an: Annika f\u00fcr Deine tagt\u00e4gliche Unterst\u00fctzung, Deine jederzeit klare und ehrliche Meinung, Beratung und f\u00fcr meine T-Shirts. ;-) - ohne Dich w\u00e4re das alles nicht m\u00f6glich. Kai f\u00fcr Deine Unterst\u00fctzung bei der Homepage, dem Flyer und die unz\u00e4hligen\u2026","rel":"","context":"\u00c4hnlicher Beitrag","img":{"alt_text":"","src":"","width":0,"height":0},"classes":[]},{"id":56,"url":"http:\/\/www.olivergellert.de\/?page_id=56","url_meta":{"origin":8,"position":4},"title":"Datenschutzerkl\u00e4rung","date":"16. Juli 2016","format":false,"excerpt":"Datenschutz Die Betreiber dieser Seiten nehmen den Schutz Ihrer pers\u00f6nlichen Daten sehr ernst. Wir behandeln Ihre personenbezogenen Daten vertraulich und entsprechend der gesetzlichen Datenschutzvorschriften sowie dieser Datenschutzerkl\u00e4rung. Die Nutzung unserer Webseite ist in der Regel ohne Angabe personenbezogener Daten m\u00f6glich. Soweit auf unseren Seiten personenbezogene Daten (beispielsweise Name, Anschrift oder\u2026","rel":"","context":"\u00c4hnlicher Beitrag","img":{"alt_text":"","src":"","width":0,"height":0},"classes":[]},{"id":4,"url":"http:\/\/www.olivergellert.de\/?page_id=4","url_meta":{"origin":8,"position":5},"title":"Impressum","date":"15. Juli 2016","format":false,"excerpt":"Angaben gem\u00e4\u00df \u00a7 5 TMG: Oliver GellertB\u00fcndnis 90\/ Die Gr\u00fcnen SpandauM\u00f6nchstra\u00dfe 7, 13597 BerlinTel.: 030\/224 50 995Mail: info@gruene-spandau.de Kontakt: Telefon: +49 (0) 151 23 44 97 94 Telefax: nicht vorhanden E-Mail: olivergellert@proja.de Verantwortlich f\u00fcr den Inhalt nach \u00a7 55 Abs. 2 RStV: Oliver GellertB\u00fcndnis 90\/ Die Gr\u00fcnen SpandauM\u00f6nchstra\u00dfe 7, 13597\u2026","rel":"","context":"\u00c4hnlicher Beitrag","img":{"alt_text":"","src":"","width":0,"height":0},"classes":[]}],"_links":{"self":[{"href":"http:\/\/www.olivergellert.de\/index.php?rest_route=\/wp\/v2\/pages\/8"}],"collection":[{"href":"http:\/\/www.olivergellert.de\/index.php?rest_route=\/wp\/v2\/pages"}],"about":[{"href":"http:\/\/www.olivergellert.de\/index.php?rest_route=\/wp\/v2\/types\/page"}],"author":[{"embeddable":true,"href":"http:\/\/www.olivergellert.de\/index.php?rest_route=\/wp\/v2\/users\/2"}],"replies":[{"embeddable":true,"href":"http:\/\/www.olivergellert.de\/index.php?rest_route=%2Fwp%2Fv2%2Fcomments&post=8"}],"version-history":[{"count":10,"href":"http:\/\/www.olivergellert.de\/index.php?rest_route=\/wp\/v2\/pages\/8\/revisions"}],"predecessor-version":[{"id":640,"href":"http:\/\/www.olivergellert.de\/index.php?rest_route=\/wp\/v2\/pages\/8\/revisions\/640"}],"wp:featuredmedia":[{"embeddable":true,"href":"http:\/\/www.olivergellert.de\/index.php?rest_route=\/wp\/v2\/media\/721"}],"wp:attachment":[{"href":"http:\/\/www.olivergellert.de\/index.php?rest_route=%2Fwp%2Fv2%2Fmedia&parent=8"}],"curies":[{"name":"wp","href":"https:\/\/api.w.org\/{rel}","templated":true}]}}