{"id":683,"date":"2021-07-01T15:23:18","date_gmt":"2021-07-01T13:23:18","guid":{"rendered":"http:\/\/www.olivergellert.de\/?page_id=683"},"modified":"2021-07-02T14:10:18","modified_gmt":"2021-07-02T12:10:18","slug":"kleine-grosse-antraege","status":"publish","type":"page","link":"http:\/\/www.olivergellert.de\/?page_id=683","title":{"rendered":"Schriftlichen Anfragen an das Bezirksamt Spandau"},"content":{"rendered":"\n<p>Hier finden Sie alle meine schriftlichen Anfragen, die ich in den letzten Jahren an das Bezirksamt Spandau eingereicht habe.<\/p>\n\n\n\n<p>Sie wollen mehr wissen? Dann schreiben Sie mir.<\/p>\n\n\n\n<p><strong><a href=\"http:\/\/www.olivergellert.de\/wp-content\/uploads\/2021\/07\/20210315-Erbrachte-Leistungen-im-Rahmen-des-Jugendfoerdergesetzes.pdf\" data-type=\"URL\" data-id=\"http:\/\/www.olivergellert.de\/wp-content\/uploads\/2021\/07\/20210315-Erbrachte-Leistungen-im-Rahmen-des-Jugendfoerdergesetzes.pdf\" target=\"_blank\" rel=\"noreferrer noopener\">20210315 Erbrachte Leistungen im Rahmen des Jugendf\u00f6rdergesetzes<\/a><\/strong><\/p>\n\n\n\n<p><strong><a href=\"http:\/\/www.olivergellert.de\/wp-content\/uploads\/2021\/05\/XX-613A.pdf\" target=\"_blank\" rel=\"noreferrer noopener\">20210201 Hygienebeirat &#8211; R\u00fcckkehr zum Pr\u00e4senzunterricht?<\/a><\/strong><\/p>\n\n\n\n<p><strong><a rel=\"noreferrer noopener\" href=\"http:\/\/www.olivergellert.de\/wp-content\/uploads\/2021\/05\/XX-593A.pdf\" target=\"_blank\">20201214 Umsetzung von Ma\u00dfnahmen zur B\u00fcrger*innenbeteiligung<\/a><\/strong><\/p>\n\n\n\n<p><strong><a rel=\"noreferrer noopener\" href=\"http:\/\/www.olivergellert.de\/wp-content\/uploads\/2021\/05\/XX-563A.pdf\" target=\"_blank\">20201120 Kitaneubauten in Spandau<\/a><\/strong><\/p>\n\n\n\n<p><strong><a rel=\"noreferrer noopener\" href=\"http:\/\/www.olivergellert.de\/wp-content\/uploads\/2021\/05\/XX-532A.pdf\" target=\"_blank\">20201026 Behindert das Bezirksamt die Arbeit von schulischen Gremien<\/a><\/strong><\/p>\n\n\n\n<p><strong><a rel=\"noreferrer noopener\" href=\"http:\/\/www.olivergellert.de\/wp-content\/uploads\/2021\/05\/XX-522A.pdf\" target=\"_blank\">20201013 Denkmalschutz auf der Insel Gartenfeld<\/a><\/strong><\/p>\n\n\n\n<p><strong><a href=\"http:\/\/www.olivergellert.de\/wp-content\/uploads\/2021\/05\/XX-520A.pdf\" target=\"_blank\" rel=\"noreferrer noopener\">20200928 Bezirksb\u00fcrgermeister unvorbereitet in den Aussch\u00fcssen III<\/a><\/strong><\/p>\n\n\n\n<p><strong><a rel=\"noreferrer noopener\" href=\"http:\/\/www.olivergellert.de\/wp-content\/uploads\/2021\/05\/XX-493A.pdf\" target=\"_blank\">20200904 Nachfragen zur schriftlichen Beantwortung der Gro\u00dfen Anfrage \u2013 Drucksache 1718\/XX \u201eFeuerwerk in unmittelbarer N\u00e4he von brandgef\u00e4hrdeten Geb\u00e4uden\u201c<\/a><\/strong><\/p>\n\n\n\n<p><strong><a rel=\"noreferrer noopener\" href=\"http:\/\/www.olivergellert.de\/wp-content\/uploads\/2021\/05\/XX-492A.pdf\" target=\"_blank\">20200908 Nachfrage zur schriftlichen Beantwortung der Gro\u00dfen Anfragen Drucksache 1716\/XX \u201eMa\u00dfnahmen aus dem Sportst\u00e4ttensanierungsprogramm\u201c<\/a><\/strong><\/p>\n\n\n\n<p><strong><a rel=\"noreferrer noopener\" href=\"http:\/\/www.olivergellert.de\/wp-admin\/post.php?post=529&amp;action=edit\" target=\"_blank\">20200901 Bezirksb\u00fcrgermeister unvorbereitet in den Aussch\u00fcssen II<\/a><\/strong><\/p>\n\n\n\n<p><strong><a href=\"http:\/\/www.olivergellert.de\/wp-content\/uploads\/2021\/07\/20200814-Was-tut-das-Bezirksamt-fuer-die-Mobilitaetswende-in-Spandau.pdf\" data-type=\"URL\" data-id=\"http:\/\/www.olivergellert.de\/wp-content\/uploads\/2021\/07\/20200814-Was-tut-das-Bezirksamt-fuer-die-Mobilitaetswende-in-Spandau.pdf\" target=\"_blank\" rel=\"noreferrer noopener\">20200814 Was tut das Bezirksamt f\u00fcr die Mobilit\u00e4tswende in Spandau<\/a><\/strong><\/p>\n\n\n\n<p><strong><a rel=\"noreferrer noopener\" href=\"http:\/\/www.olivergellert.de\/wp-content\/uploads\/2021\/05\/XX-476A.pdf\" target=\"_blank\">2020814 Open-Air-Veranstaltungen auf der Insel Gartenfeld?<\/a><\/strong><\/p>\n\n\n\n<p><strong><a href=\"http:\/\/www.olivergellert.de\/wp-content\/uploads\/2021\/05\/XX-474A.pdf\" target=\"_blank\" rel=\"noreferrer noopener\">20200722 Neues Jahr \u2013 neuer Dienstwagen<\/a><\/strong><\/p>\n\n\n\n<p><a href=\"http:\/\/www.olivergellert.de\/wp-content\/uploads\/2021\/05\/XX-473A.pdf\" data-type=\"URL\" data-id=\"http:\/\/www.olivergellert.de\/wp-content\/uploads\/2021\/05\/XX-473A.pdf\" target=\"_blank\" rel=\"noreferrer noopener\"><strong>20200731 Beantwortung Schriftlicher Anfragen &#8211; wo ist die Antwort zur Anfrage XX-457?<\/strong><\/a><\/p>\n\n\n\n<p><strong><a rel=\"noreferrer noopener\" href=\"http:\/\/www.olivergellert.de\/wp-content\/uploads\/2021\/05\/XX-472A.pdf\" data-type=\"URL\" data-id=\"http:\/\/www.olivergellert.de\/wp-content\/uploads\/2021\/05\/XX-472A.pdf\" target=\"_blank\">20200722 Ausschussvorbereitung der Bezirksamtsmitglieder<\/a><\/strong><\/p>\n\n\n\n<p><strong><a rel=\"noreferrer noopener\" href=\"http:\/\/www.olivergellert.de\/wp-content\/uploads\/2021\/05\/XX-458A.pdf\" data-type=\"URL\" data-id=\"http:\/\/www.olivergellert.de\/wp-content\/uploads\/2021\/05\/XX-458A.pdf\" target=\"_blank\">20200312 Gehen die freien Tr\u00e4ger der Jugendhilfe wieder &#8222;leer&#8220; aus?<\/a><\/strong><\/p>\n\n\n\n<p><strong><a rel=\"noreferrer noopener\" href=\"http:\/\/www.olivergellert.de\/wp-content\/uploads\/2021\/05\/XX-457A.pdf\" data-type=\"URL\" data-id=\"http:\/\/www.olivergellert.de\/wp-content\/uploads\/2021\/05\/XX-457A.pdf\" target=\"_blank\">20200709 F\u00f6rderung von Musiker*innen in Spandau<\/a><\/strong><\/p>\n\n\n\n<p><strong><a rel=\"noreferrer noopener\" href=\"http:\/\/www.olivergellert.de\/wp-content\/uploads\/2021\/05\/XX-456A.pdf\" data-type=\"URL\" data-id=\"http:\/\/www.olivergellert.de\/wp-content\/uploads\/2021\/05\/XX-456A.pdf\" target=\"_blank\">20200312 F\u00f6rdermittel f\u00fcr den Bereich Reisen und Erholungsma\u00dfnahmen nach dem Jugendf\u00f6rdergesetz<\/a><\/strong><\/p>\n\n\n\n<p><strong><a rel=\"noreferrer noopener\" href=\"http:\/\/www.olivergellert.de\/wp-content\/uploads\/2021\/05\/XX-428A.pdf\" data-type=\"URL\" data-id=\"http:\/\/www.olivergellert.de\/wp-content\/uploads\/2021\/05\/XX-428A.pdf\" target=\"_blank\">20191202 Zufahrtsberechtigungen der Anlieger zum Zitadellenumfeld<\/a><\/strong><\/p>\n\n\n\n<p><strong><a rel=\"noreferrer noopener\" href=\"http:\/\/www.olivergellert.de\/wp-content\/uploads\/2021\/05\/XX-422A.pdf\" data-type=\"URL\" data-id=\"http:\/\/www.olivergellert.de\/wp-content\/uploads\/2021\/05\/XX-422A.pdf\" target=\"_blank\">2019118 Zwischenstand zur Drucksache 2490\/XVIII<\/a><\/strong><\/p>\n\n\n\n<p><strong><a rel=\"noreferrer noopener\" href=\"http:\/\/www.olivergellert.de\/wp-content\/uploads\/2021\/05\/XX-387A.pdf\" data-type=\"URL\" data-id=\"http:\/\/www.olivergellert.de\/wp-content\/uploads\/2021\/05\/XX-387A.pdf\" target=\"_blank\">20190919 Bau der Mittelinsel im Bereich Niederneuendorfer Allee\/Neuenahrer Weg<\/a><\/strong><\/p>\n\n\n\n<p><strong><a rel=\"noreferrer noopener\" href=\"http:\/\/www.olivergellert.de\/wp-content\/uploads\/2021\/05\/XX-386A.pdf\" data-type=\"URL\" data-id=\"http:\/\/www.olivergellert.de\/wp-content\/uploads\/2021\/05\/XX-386A.pdf\" target=\"_blank\">20190829 Fuss- und Radverkehrssicherheit in Baustellenbereichen<\/a><\/strong><\/p>\n\n\n\n<p><strong><a rel=\"noreferrer noopener\" href=\"http:\/\/www.olivergellert.de\/wp-content\/uploads\/2021\/05\/XX-335A.pdf\" data-type=\"URL\" data-id=\"http:\/\/www.olivergellert.de\/wp-content\/uploads\/2021\/05\/XX-335A.pdf\" target=\"_blank\">20190510 Parkraumbewirtschaftung und bewirtschafteter Parkraum<\/a><\/strong><\/p>\n\n\n\n<p><strong><a rel=\"noreferrer noopener\" href=\"http:\/\/www.olivergellert.de\/wp-content\/uploads\/2021\/05\/XX-334A.pdf\" data-type=\"URL\" data-id=\"http:\/\/www.olivergellert.de\/wp-content\/uploads\/2021\/05\/XX-334A.pdf\" target=\"_blank\">20190514 Mittel im Jugendhaushalt 2018<\/a><\/strong><\/p>\n\n\n\n<p><strong><a rel=\"noreferrer noopener\" href=\"http:\/\/www.olivergellert.de\/wp-content\/uploads\/2021\/05\/XX-328A.pdf\" data-type=\"URL\" data-id=\"http:\/\/www.olivergellert.de\/wp-content\/uploads\/2021\/05\/XX-328A.pdf\" target=\"_blank\">20190515 Sachstand zum Vorhaben &#8222;Campus Stein&#8220;<\/a><\/strong><\/p>\n\n\n\n<p><strong><a rel=\"noreferrer noopener\" href=\"http:\/\/www.olivergellert.de\/wp-content\/uploads\/2021\/05\/XX-326A.pdf\" data-type=\"URL\" data-id=\"http:\/\/www.olivergellert.de\/wp-content\/uploads\/2021\/05\/XX-326A.pdf\" target=\"_blank\">20190327 Radverkehrsprojekte in Spandau<\/a><\/strong><\/p>\n\n\n\n<p><strong><a rel=\"noreferrer noopener\" href=\"http:\/\/www.olivergellert.de\/wp-content\/uploads\/2021\/05\/XX-303A.pdf\" data-type=\"URL\" data-id=\"http:\/\/www.olivergellert.de\/wp-content\/uploads\/2021\/05\/XX-303A.pdf\" target=\"_blank\">20190321 Sozialberichterstattung f\u00fcr Spandau<\/a><\/strong><\/p>\n\n\n\n<p><strong><a rel=\"noreferrer noopener\" href=\"http:\/\/www.olivergellert.de\/wp-content\/uploads\/2021\/05\/XX-269A.pdf\" data-type=\"URL\" data-id=\"http:\/\/www.olivergellert.de\/wp-content\/uploads\/2021\/05\/XX-269A.pdf\" target=\"_blank\">20181018 Buslinie 133 und X33<\/a><\/strong><\/p>\n\n\n\n<p><strong><a rel=\"noreferrer noopener\" href=\"http:\/\/www.olivergellert.de\/wp-content\/uploads\/2021\/05\/XX-268A.pdf\" data-type=\"URL\" data-id=\"http:\/\/www.olivergellert.de\/wp-content\/uploads\/2021\/05\/XX-268A.pdf\" target=\"_blank\">201811 Hitzetote in Spandau<\/a><\/strong><\/p>\n\n\n\n<p><strong><a rel=\"noreferrer noopener\" href=\"http:\/\/www.olivergellert.de\/wp-content\/uploads\/2021\/05\/XX-267A.pdf\" data-type=\"URL\" data-id=\"http:\/\/www.olivergellert.de\/wp-content\/uploads\/2021\/05\/XX-267A.pdf\" target=\"_blank\">20181018 Buslinie 135<\/a><\/strong><\/p>\n\n\n\n<p><strong><a rel=\"noreferrer noopener\" href=\"http:\/\/www.olivergellert.de\/wp-content\/uploads\/2021\/05\/XX-248A.pdf\" data-type=\"URL\" data-id=\"http:\/\/www.olivergellert.de\/wp-content\/uploads\/2021\/05\/XX-248A.pdf\" target=\"_blank\">20181001 Frieda-Arnheim-Promenade<\/a><\/strong><\/p>\n\n\n\n<p><strong><a rel=\"noreferrer noopener\" href=\"http:\/\/www.olivergellert.de\/wp-content\/uploads\/2021\/05\/XX-244A.pdf\" data-type=\"URL\" data-id=\"http:\/\/www.olivergellert.de\/wp-content\/uploads\/2021\/05\/XX-244A.pdf\" target=\"_blank\">20180918 Radverkehrssicherheit steigern durch Radwegepflege<\/a><\/strong><\/p>\n\n\n\n<p><strong><a rel=\"noreferrer noopener\" href=\"http:\/\/www.olivergellert.de\/wp-content\/uploads\/2021\/05\/XX-240A.pdf\" data-type=\"URL\" data-id=\"http:\/\/www.olivergellert.de\/wp-content\/uploads\/2021\/05\/XX-240A.pdf\" target=\"_blank\">20180921 Umwandlung von Wochenendparzellen zu Kleingartenfl\u00e4chen<\/a><\/strong><\/p>\n\n\n\n<p><strong><a rel=\"noreferrer noopener\" href=\"http:\/\/www.olivergellert.de\/wp-content\/uploads\/2021\/05\/XX-227A.pdf\" data-type=\"URL\" data-id=\"http:\/\/www.olivergellert.de\/wp-content\/uploads\/2021\/05\/XX-227A.pdf\" target=\"_blank\">20180731 Radverkehrsplanung mit der infraVelo GmbH<\/a><\/strong><\/p>\n\n\n\n<p><strong><a rel=\"noreferrer noopener\" href=\"http:\/\/www.olivergellert.de\/wp-content\/uploads\/2021\/05\/XX-226A.pdf\" data-type=\"URL\" data-id=\"http:\/\/www.olivergellert.de\/wp-content\/uploads\/2021\/05\/XX-226A.pdf\" target=\"_blank\">20180823 Befestigung des Fussweges Sakrower Landstra\u00dfe Ecke G\u00f6\u00dfweinsteiner Gang<\/a><\/strong><\/p>\n\n\n\n<p><strong><a rel=\"noreferrer noopener\" href=\"http:\/\/www.olivergellert.de\/wp-content\/uploads\/2021\/05\/XX-218A.pdf\" data-type=\"URL\" data-id=\"http:\/\/www.olivergellert.de\/wp-content\/uploads\/2021\/05\/XX-218A.pdf\" target=\"_blank\">20180717 Kleingartenentwicklungsplanung in Spandau<\/a><\/strong><\/p>\n\n\n\n<p><strong><a rel=\"noreferrer noopener\" href=\"http:\/\/www.olivergellert.de\/wp-content\/uploads\/2021\/05\/XX-217A.pdf\" data-type=\"URL\" data-id=\"http:\/\/www.olivergellert.de\/wp-content\/uploads\/2021\/05\/XX-217A.pdf\" target=\"_blank\">20180713 B\u00fcrger*innenbeteiligung bei Umgestaltung der Altstadt<\/a><\/strong><\/p>\n\n\n\n<p><strong><a rel=\"noreferrer noopener\" href=\"http:\/\/www.olivergellert.de\/wp-content\/uploads\/2021\/05\/XX-216A.pdf\" data-type=\"URL\" data-id=\"http:\/\/www.olivergellert.de\/wp-content\/uploads\/2021\/05\/XX-216A.pdf\" target=\"_blank\">20180716 Kreuzung Ritterfelddamm\/Potsdamer Chaussee<\/a><\/strong><\/p>\n\n\n\n<p><strong><a rel=\"noreferrer noopener\" href=\"http:\/\/www.olivergellert.de\/wp-content\/uploads\/2021\/05\/XX-196A.pdf\" data-type=\"URL\" data-id=\"http:\/\/www.olivergellert.de\/wp-content\/uploads\/2021\/05\/XX-196A.pdf\" target=\"_blank\">201805 Bauplanungen f\u00fcr den Havelradweg<\/a><\/strong><\/p>\n\n\n\n<p><strong><a rel=\"noreferrer noopener\" href=\"http:\/\/www.olivergellert.de\/wp-content\/uploads\/2021\/05\/XX-195A.pdf\" target=\"_blank\">201807 Tennisplatzbau Sport- und Tennisverein Olympia Spandau 1917 e.V.<\/a><\/strong><\/p>\n\n\n\n<p><strong><a rel=\"noreferrer noopener\" href=\"http:\/\/www.olivergellert.de\/wp-content\/uploads\/2021\/05\/XX-191A.pdf\" data-type=\"URL\" data-id=\"http:\/\/www.olivergellert.de\/wp-content\/uploads\/2021\/05\/XX-191A.pdf\" target=\"_blank\">201804 Bearbeitungsdauer von Sterbeurkunden im Standesamt<\/a><\/strong><\/p>\n\n\n\n<p><strong><a rel=\"noreferrer noopener\" href=\"http:\/\/www.olivergellert.de\/wp-content\/uploads\/2021\/05\/XX-180A.pdf\" data-type=\"URL\" data-id=\"http:\/\/www.olivergellert.de\/wp-content\/uploads\/2021\/05\/XX-180A.pdf\" target=\"_blank\">20180323 Zukunft der Quartiersmanagementgebiete in Spandau<\/a><\/strong><\/p>\n\n\n\n<p><strong><a rel=\"noreferrer noopener\" href=\"http:\/\/www.olivergellert.de\/wp-content\/uploads\/2021\/05\/XX-0179A.pdf\" data-type=\"URL\" data-id=\"http:\/\/www.olivergellert.de\/wp-content\/uploads\/2021\/05\/XX-0179A.pdf\" target=\"_blank\">201803 F\u00f6rderung nach \u00a7\u00a7 11, 13, 16 KJHG\/SGB VIII<\/a><\/strong><\/p>\n\n\n\n<p><strong><a rel=\"noreferrer noopener\" href=\"http:\/\/www.olivergellert.de\/wp-content\/uploads\/2021\/05\/XX-158A.pdf\" data-type=\"URL\" data-id=\"http:\/\/www.olivergellert.de\/wp-content\/uploads\/2021\/05\/XX-158A.pdf\" target=\"_blank\">20180129 Mietvertrag f\u00fcr die Bruno-Gehrke-Halle<\/a><\/strong><\/p>\n\n\n\n<p><strong><a rel=\"noreferrer noopener\" href=\"http:\/\/www.olivergellert.de\/wp-content\/uploads\/2021\/05\/XX-156A.pdf\" data-type=\"URL\" data-id=\"http:\/\/www.olivergellert.de\/wp-content\/uploads\/2021\/05\/XX-156A.pdf\" target=\"_blank\">20180213 Personalstellen im Bezirksamt<\/a><\/strong><\/p>\n\n\n\n<p><strong><a rel=\"noreferrer noopener\" href=\"http:\/\/www.olivergellert.de\/wp-content\/uploads\/2021\/05\/XX-111E.pdf\" data-type=\"URL\" data-id=\"http:\/\/www.olivergellert.de\/wp-content\/uploads\/2021\/05\/XX-111E.pdf\" target=\"_blank\">2018 Energiebeauftragte*r f\u00fcr Spandau (keine schriftliche Antwort vorhanden)<\/a><\/strong><\/p>\n\n\n\n<p><strong><a href=\"http:\/\/www.olivergellert.de\/wp-content\/uploads\/2021\/05\/XX-0060A-1.pdf\" data-type=\"URL\" data-id=\"http:\/\/www.olivergellert.de\/wp-content\/uploads\/2021\/05\/XX-0060A-1.pdf\" target=\"_blank\" rel=\"noreferrer noopener\">20170512 Informations- und Werbest\u00e4nde der Parteien<\/a><\/strong><\/p>\n","protected":false},"excerpt":{"rendered":"<p>Hier finden Sie alle meine schriftlichen Anfragen, die ich in den letzten Jahren an das Bezirksamt Spandau eingereicht habe. Sie wollen mehr wissen? Dann schreiben Sie mir. 20210315 Erbrachte Leistungen\u2026<\/p>\n","protected":false},"author":1,"featured_media":0,"parent":0,"menu_order":0,"comment_status":"closed","ping_status":"closed","template":"","meta":{"spay_email":""},"jetpack_shortlink":"https:\/\/wp.me\/P7IWoD-b1","jetpack-related-posts":[{"id":59,"url":"http:\/\/www.olivergellert.de\/?page_id=59","url_meta":{"origin":683,"position":0},"title":"Meine Vorschl\u00e4ge #f\u00fcrSpandau","date":"16. Juli 2016","format":false,"excerpt":"Liebe Spandauerinnen und Spandauer, ich wurde von meinem Kreisverband auf Platz 2 der Wahlliste f\u00fcr die Wahlen zur Bezirksverordnetenversammlung von Spandau zum Stadtratskandidaten gew\u00e4hlt. Hierf\u00fcr m\u00f6chte ich mich ganz herzlich bedanken und auch auf diesem Weg nochmal meine Gr\u00fcnde f\u00fcr meine Bewerbung und meine Ziele #f\u00fcr Spandau benennen. Warum ich\u2026","rel":"","context":"\u00c4hnlicher Beitrag","img":{"alt_text":"","src":"","width":0,"height":0},"classes":[]},{"id":438,"url":"http:\/\/www.olivergellert.de\/","url_meta":{"origin":683,"position":1},"title":"Das Spandau der Zukunft bauen? #klargehtdas","date":"26. Mai 2021","format":false,"excerpt":"Herzlich Willkommen. \"Das Spandau der Zukunft ist klimaneutral durch energetisch sanierte Geb\u00e4ude, die Nutzung von erneuerbaren Energien, durch emmissionsarmen Verkehr und einen guten \u00d6PNV. Die \u00f6ffentlichen Pl\u00e4tze und Parks haben durch attraktive Gestaltung mit vielen schattenspendenden B\u00e4umen, Sport- und Freizeitm\u00f6glichkeiten sowie Wasserpl\u00e4tzen eine erh\u00f6hte Aufenthaltsqualit\u00e4t. In den Kiezen k\u00f6nnen alle\u2026","rel":"","context":"\u00c4hnlicher Beitrag","img":{"alt_text":"","src":"https:\/\/i0.wp.com\/www.olivergellert.de\/wp-content\/uploads\/2021\/05\/IMG_2944-scaled.jpeg?resize=350%2C200","width":350,"height":200},"classes":[]},{"id":90,"url":"http:\/\/www.olivergellert.de\/?page_id=90","url_meta":{"origin":683,"position":2},"title":"Kontakt","date":"26. Juli 2016","format":false,"excerpt":"Sie erreichen mich \u00fcber: Mail: oliver.gellert@gruene-spandau.de Post: B\u00fcndnis 90 \/ Die Gr\u00fcnen Spandau - c\/o Oliver Gellert - M\u00f6nchstr. 7 - 13597 Berlin Phone: +49 151\/23 44 97 94 Folgen Sie mir unter: Facebook: \/Olli.Gellert Twitter: @OliverGellert Instagram: oliver.gellert","rel":"","context":"\u00c4hnlicher Beitrag","img":{"alt_text":"","src":"","width":0,"height":0},"classes":[]},{"id":56,"url":"http:\/\/www.olivergellert.de\/?page_id=56","url_meta":{"origin":683,"position":3},"title":"Datenschutzerkl\u00e4rung","date":"16. Juli 2016","format":false,"excerpt":"Datenschutz Die Betreiber dieser Seiten nehmen den Schutz Ihrer pers\u00f6nlichen Daten sehr ernst. Wir behandeln Ihre personenbezogenen Daten vertraulich und entsprechend der gesetzlichen Datenschutzvorschriften sowie dieser Datenschutzerkl\u00e4rung. Die Nutzung unserer Webseite ist in der Regel ohne Angabe personenbezogener Daten m\u00f6glich. Soweit auf unseren Seiten personenbezogene Daten (beispielsweise Name, Anschrift oder\u2026","rel":"","context":"\u00c4hnlicher Beitrag","img":{"alt_text":"","src":"","width":0,"height":0},"classes":[]},{"id":4,"url":"http:\/\/www.olivergellert.de\/?page_id=4","url_meta":{"origin":683,"position":4},"title":"Impressum","date":"15. Juli 2016","format":false,"excerpt":"Angaben gem\u00e4\u00df \u00a7 5 TMG: Oliver GellertB\u00fcndnis 90\/ Die Gr\u00fcnen SpandauM\u00f6nchstra\u00dfe 7, 13597 BerlinTel.: 030\/224 50 995Mail: info@gruene-spandau.de Kontakt: Telefon: +49 (0) 151 23 44 97 94 Telefax: nicht vorhanden E-Mail: olivergellert@proja.de Verantwortlich f\u00fcr den Inhalt nach \u00a7 55 Abs. 2 RStV: Oliver GellertB\u00fcndnis 90\/ Die Gr\u00fcnen SpandauM\u00f6nchstra\u00dfe 7, 13597\u2026","rel":"","context":"\u00c4hnlicher Beitrag","img":{"alt_text":"","src":"","width":0,"height":0},"classes":[]},{"id":707,"url":"http:\/\/www.olivergellert.de\/?page_id=707","url_meta":{"origin":683,"position":5},"title":"Credits","date":"2. Juli 2021","format":false,"excerpt":"An dieser Stelle m\u00f6chte ich einigen von vielen Menschen danken. Herzlichen Dank an: Annika f\u00fcr Deine tagt\u00e4gliche Unterst\u00fctzung, Deine jederzeit klare und ehrliche Meinung, Beratung und f\u00fcr meine T-Shirts. ;-) - ohne Dich w\u00e4re das alles nicht m\u00f6glich. Kai f\u00fcr Deine Unterst\u00fctzung bei der Homepage, dem Flyer und die unz\u00e4hligen\u2026","rel":"","context":"\u00c4hnlicher Beitrag","img":{"alt_text":"","src":"","width":0,"height":0},"classes":[]}],"_links":{"self":[{"href":"http:\/\/www.olivergellert.de\/index.php?rest_route=\/wp\/v2\/pages\/683"}],"collection":[{"href":"http:\/\/www.olivergellert.de\/index.php?rest_route=\/wp\/v2\/pages"}],"about":[{"href":"http:\/\/www.olivergellert.de\/index.php?rest_route=\/wp\/v2\/types\/page"}],"author":[{"embeddable":true,"href":"http:\/\/www.olivergellert.de\/index.php?rest_route=\/wp\/v2\/users\/1"}],"replies":[{"embeddable":true,"href":"http:\/\/www.olivergellert.de\/index.php?rest_route=%2Fwp%2Fv2%2Fcomments&post=683"}],"version-history":[{"count":10,"href":"http:\/\/www.olivergellert.de\/index.php?rest_route=\/wp\/v2\/pages\/683\/revisions"}],"predecessor-version":[{"id":764,"href":"http:\/\/www.olivergellert.de\/index.php?rest_route=\/wp\/v2\/pages\/683\/revisions\/764"}],"wp:attachment":[{"href":"http:\/\/www.olivergellert.de\/index.php?rest_route=%2Fwp%2Fv2%2Fmedia&parent=683"}],"curies":[{"name":"wp","href":"https:\/\/api.w.org\/{rel}","templated":true}]}}